{"id":402,"date":"2023-06-20T09:23:16","date_gmt":"2023-06-20T09:23:16","guid":{"rendered":"https:\/\/fock-weeber.de\/?page_id=402"},"modified":"2026-04-13T09:51:53","modified_gmt":"2026-04-13T09:51:53","slug":"praxiseroeffnung","status":"publish","type":"page","link":"https:\/\/fock-weeber.de\/","title":{"rendered":"Home"},"content":{"rendered":"\t\t<div data-elementor-type=\"wp-page\" data-elementor-id=\"402\" class=\"elementor elementor-402\">\n\t\t\t\t<div class=\"elementor-element elementor-element-55af8f5 e-flex e-con-boxed e-con e-parent\" data-id=\"55af8f5\" data-element_type=\"container\" data-e-type=\"container\">\n\t\t\t\t\t<div class=\"e-con-inner\">\n\t\t<div class=\"elementor-element elementor-element-c390cc5 e-con-full e-flex e-con e-child\" data-id=\"c390cc5\" data-element_type=\"container\" data-e-type=\"container\">\n\t\t\t\t<div class=\"elementor-element elementor-element-f01924a elementor-widget elementor-widget-text-editor\" data-id=\"f01924a\" data-element_type=\"widget\" data-e-type=\"widget\" data-widget_type=\"text-editor.default\">\n\t\t\t\t<div class=\"elementor-widget-container\">\n\t\t\t\t\t\t\t\t\t<p><strong>Beratung f\u00fcr Eltern&nbsp;<\/strong><br><strong>&#8230; deren Kinder unter ihren M\u00f6glichkeiten bleiben.<\/strong><\/p>\n<ul>\n<li><span style=\"font-size: 14px; text-align: var(--text-align);\">Psychologische Tests bei&nbsp;<span style=\"font-family: Helvetica, arial; font-size: 14px; font-style: normal; font-variant-caps: normal;\">Lernschwierigkeiten,&nbsp;<\/span>Entwicklungs- und Verhaltensauff\u00e4lligkeiten<\/span><\/li>\n<li style=\"font-size: 14px;\">AD(H)S &amp; Autismus<\/li>\n<li style=\"font-size: 14px;\">LRS &amp; Dyskalkulie<\/li>\n<li>Begabungstestungen<\/li>\n<\/ul>\n<p><span style=\"font-family: Roboto, sans-serif; font-size: 14px; text-align: var(--text-align);\"><span style=\"text-decoration: underline;\"><br>Telefonische Erreichbarkeit<\/span><br>Dienstag 8-9 Uhr und Donnerstag 16-17 Uhr<\/span><\/p>\n<p><span style=\"font-family: Roboto, sans-serif; font-size: 14px; text-align: var(--text-align);\"><span style=\"text-decoration: underline;\">Anmeldung<br><\/span>Um Ihnen den <\/span><span style=\"text-align: var(--text-align);\"><span style=\"font-family: Roboto, sans-serif;\">Anmeldebogen zuzusenden ben\u00f6tige ich Ihre Email-Adresse. <\/span><\/span><span style=\"text-align: var(--text-align);\"><span style=\"font-family: Roboto, sans-serif;\"><br><\/span><\/span>Sie k\u00f6nnen innerhalb von 2-3 Wochen&nbsp;<span style=\"font-family: Helvetica, arial; font-size: 14px; font-style: normal; font-variant-caps: normal; text-align: var(--text-align);\">mit einem ersten Termin<\/span><span style=\"font-family: Helvetica, arial; font-size: 14px; font-style: normal; font-variant-caps: normal; text-align: var(--text-align);\">&nbsp;<\/span><span style=\"font-size: 14px; text-align: var(--text-align);\">rechnen. A<\/span><span style=\"font-size: 14px; text-align: var(--text-align);\">lle erforderlichen Termine werden mit Ihnen gleich&nbsp;<\/span><span style=\"font-family: Helvetica, arial; font-size: 14px; font-style: normal; font-variant-caps: normal; text-align: var(--text-align);\">zu Beginn, und&nbsp;<\/span><span style=\"font-family: Helvetica, arial; font-size: 14px; font-style: normal; font-variant-caps: normal; text-align: var(--text-align);\">m\u00f6glichst im w\u00f6chentlichen Abstand, geplant<\/span><span style=\"font-size: 14px; text-align: var(--text-align);\">. So liegen Ihnen z\u00fcgig konkrete Ergebnisse vor.<\/span><\/p>\n<p>Meine Angebote richten sich ausschlie\u00dflich an SelbstzahlerInnen.<\/p>\t\t\t\t\t\t\t\t<\/div>\n\t\t\t\t<\/div>\n\t\t\t\t<\/div>\n\t\t<div class=\"elementor-element elementor-element-c9042ab e-con-full e-flex e-con e-child\" data-id=\"c9042ab\" data-element_type=\"container\" data-e-type=\"container\">\n\t\t\t\t<div class=\"elementor-element elementor-element-6ddc94e elementor-widget elementor-widget-image\" data-id=\"6ddc94e\" data-element_type=\"widget\" data-e-type=\"widget\" data-widget_type=\"image.default\">\n\t\t\t\t<div class=\"elementor-widget-container\">\n\t\t\t\t\t\t\t\t\t\t\t\t\t\t\t<img fetchpriority=\"high\" decoding=\"async\" width=\"296\" height=\"300\" src=\"https:\/\/fock-weeber.de\/wp-content\/uploads\/2023\/10\/S1950134-enhanced-24-23-296x300.jpeg\" class=\"attachment-medium size-medium wp-image-939\" alt=\"\" srcset=\"https:\/\/fock-weeber.de\/wp-content\/uploads\/2023\/10\/S1950134-enhanced-24-23-296x300.jpeg 296w, https:\/\/fock-weeber.de\/wp-content\/uploads\/2023\/10\/S1950134-enhanced-24-23.jpeg 712w\" sizes=\"(max-width: 296px) 100vw, 296px\" \/>\t\t\t\t\t\t\t\t\t\t\t\t\t\t\t<\/div>\n\t\t\t\t<\/div>\n\t\t\t\t<\/div>\n\t\t\t\t\t<\/div>\n\t\t\t\t<\/div>\n\t\t\t\t<\/div>\n\t\t","protected":false},"excerpt":{"rendered":"<p>Beratung f\u00fcr Eltern&nbsp;&#8230; deren Kinder unter ihren M\u00f6glichkeiten bleiben. Psychologische Tests bei&nbsp;Lernschwierigkeiten,&nbsp;Entwicklungs- und Verhaltensauff\u00e4lligkeiten AD(H)S &amp; Autismus LRS &amp; Dyskalkulie Begabungstestungen Telefonische ErreichbarkeitDienstag 8-9 Uhr und Donnerstag 16-17 Uhr AnmeldungUm Ihnen den Anmeldebogen zuzusenden ben\u00f6tige ich Ihre Email-Adresse. Sie k\u00f6nnen innerhalb von 2-3 Wochen&nbsp;mit einem ersten Termin&nbsp;rechnen. Alle erforderlichen Termine werden mit Ihnen gleich&nbsp;zu Beginn, [&hellip;]<\/p>\n","protected":false},"author":1,"featured_media":0,"parent":0,"menu_order":0,"comment_status":"closed","ping_status":"closed","template":"","meta":{"ocean_post_layout":"full-width","ocean_both_sidebars_style":"","ocean_both_sidebars_content_width":0,"ocean_both_sidebars_sidebars_width":0,"ocean_sidebar":"0","ocean_second_sidebar":"0","ocean_disable_margins":"enable","ocean_add_body_class":"","ocean_shortcode_before_top_bar":"","ocean_shortcode_after_top_bar":"","ocean_shortcode_before_header":"","ocean_shortcode_after_header":"","ocean_has_shortcode":"","ocean_shortcode_after_title":"","ocean_shortcode_before_footer_widgets":"","ocean_shortcode_after_footer_widgets":"","ocean_shortcode_before_footer_bottom":"","ocean_shortcode_after_footer_bottom":"","ocean_display_top_bar":"on","ocean_display_header":"default","ocean_header_style":"","ocean_center_header_left_menu":"0","ocean_custom_header_template":"0","ocean_custom_logo":0,"ocean_custom_retina_logo":0,"ocean_custom_logo_max_width":0,"ocean_custom_logo_tablet_max_width":0,"ocean_custom_logo_mobile_max_width":0,"ocean_custom_logo_max_height":0,"ocean_custom_logo_tablet_max_height":0,"ocean_custom_logo_mobile_max_height":0,"ocean_header_custom_menu":"0","ocean_menu_typo_font_family":"0","ocean_menu_typo_font_subset":"","ocean_menu_typo_font_size":0,"ocean_menu_typo_font_size_tablet":0,"ocean_menu_typo_font_size_mobile":0,"ocean_menu_typo_font_size_unit":"px","ocean_menu_typo_font_weight":"","ocean_menu_typo_font_weight_tablet":"","ocean_menu_typo_font_weight_mobile":"","ocean_menu_typo_transform":"","ocean_menu_typo_transform_tablet":"","ocean_menu_typo_transform_mobile":"","ocean_menu_typo_line_height":0,"ocean_menu_typo_line_height_tablet":0,"ocean_menu_typo_line_height_mobile":0,"ocean_menu_typo_line_height_unit":"","ocean_menu_typo_spacing":0,"ocean_menu_typo_spacing_tablet":0,"ocean_menu_typo_spacing_mobile":0,"ocean_menu_typo_spacing_unit":"","ocean_menu_link_color":"","ocean_menu_link_color_hover":"","ocean_menu_link_color_active":"","ocean_menu_link_background":"","ocean_menu_link_hover_background":"","ocean_menu_link_active_background":"","ocean_menu_social_links_bg":"","ocean_menu_social_hover_links_bg":"","ocean_menu_social_links_color":"","ocean_menu_social_hover_links_color":"","ocean_disable_title":"on","ocean_disable_heading":"default","ocean_post_title":"","ocean_post_subheading":"","ocean_post_title_style":"","ocean_post_title_background_color":"","ocean_post_title_background":0,"ocean_post_title_bg_image_position":"","ocean_post_title_bg_image_attachment":"","ocean_post_title_bg_image_repeat":"","ocean_post_title_bg_image_size":"","ocean_post_title_height":0,"ocean_post_title_bg_overlay":0.5,"ocean_post_title_bg_overlay_color":"","ocean_disable_breadcrumbs":"default","ocean_breadcrumbs_color":"","ocean_breadcrumbs_separator_color":"","ocean_breadcrumbs_links_color":"","ocean_breadcrumbs_links_hover_color":"","ocean_display_footer_widgets":"off","ocean_display_footer_bottom":"off","ocean_custom_footer_template":"0","footnotes":""},"class_list":["post-402","page","type-page","status-publish","hentry","entry"],"_links":{"self":[{"href":"https:\/\/fock-weeber.de\/index.php?rest_route=\/wp\/v2\/pages\/402","targetHints":{"allow":["GET"]}}],"collection":[{"href":"https:\/\/fock-weeber.de\/index.php?rest_route=\/wp\/v2\/pages"}],"about":[{"href":"https:\/\/fock-weeber.de\/index.php?rest_route=\/wp\/v2\/types\/page"}],"author":[{"embeddable":true,"href":"https:\/\/fock-weeber.de\/index.php?rest_route=\/wp\/v2\/users\/1"}],"replies":[{"embeddable":true,"href":"https:\/\/fock-weeber.de\/index.php?rest_route=%2Fwp%2Fv2%2Fcomments&post=402"}],"version-history":[{"count":604,"href":"https:\/\/fock-weeber.de\/index.php?rest_route=\/wp\/v2\/pages\/402\/revisions"}],"predecessor-version":[{"id":2712,"href":"https:\/\/fock-weeber.de\/index.php?rest_route=\/wp\/v2\/pages\/402\/revisions\/2712"}],"wp:attachment":[{"href":"https:\/\/fock-weeber.de\/index.php?rest_route=%2Fwp%2Fv2%2Fmedia&parent=402"}],"curies":[{"name":"wp","href":"https:\/\/api.w.org\/{rel}","templated":true}]}}